{"id":35339,"date":"2023-02-05T16:53:27","date_gmt":"2023-02-05T16:53:27","guid":{"rendered":"https:\/\/citedoree.gilbertanddaughter.com\/product\/bague-de-fiancailles-a-diamant-carre-sectangle-14k-0-5pts\/"},"modified":"2023-02-05T17:01:30","modified_gmt":"2023-02-05T17:01:30","slug":"bague-de-fiancailles-a-diamant-carre-sectangle-14k-0-5pts","status":"publish","type":"product","link":"https:\/\/citedoree.gilbertanddaughter.com\/fr\/product\/bague-de-fiancailles-a-diamant-carre-sectangle-14k-0-5pts\/","title":{"rendered":"Bague de fian\u00e7ailles \u00e0 diamant carr\u00e9\/sectangle 14k &#8211; 0.5Pts"},"content":{"rendered":"","protected":false},"excerpt":{"rendered":"","protected":false},"featured_media":34311,"template":"","meta":{"_mi_skip_tracking":false,"spay_email":""},"product_cat":[139],"product_tag":[140,141],"_links":{"self":[{"href":"https:\/\/citedoree.gilbertanddaughter.com\/fr\/wp-json\/wp\/v2\/product\/35339"}],"collection":[{"href":"https:\/\/citedoree.gilbertanddaughter.com\/fr\/wp-json\/wp\/v2\/product"}],"about":[{"href":"https:\/\/citedoree.gilbertanddaughter.com\/fr\/wp-json\/wp\/v2\/types\/product"}],"wp:featuredmedia":[{"embeddable":true,"href":"https:\/\/citedoree.gilbertanddaughter.com\/fr\/wp-json\/wp\/v2\/media\/34311"}],"wp:attachment":[{"href":"https:\/\/citedoree.gilbertanddaughter.com\/fr\/wp-json\/wp\/v2\/media?parent=35339"}],"wp:term":[{"taxonomy":"product_cat","embeddable":true,"href":"https:\/\/citedoree.gilbertanddaughter.com\/fr\/wp-json\/wp\/v2\/product_cat?post=35339"},{"taxonomy":"product_tag","embeddable":true,"href":"https:\/\/citedoree.gilbertanddaughter.com\/fr\/wp-json\/wp\/v2\/product_tag?post=35339"}],"curies":[{"name":"wp","href":"https:\/\/api.w.org\/{rel}","templated":true}]}}