{"id":34884,"date":"2023-02-05T16:49:19","date_gmt":"2023-02-05T16:49:19","guid":{"rendered":"https:\/\/citedoree.gilbertanddaughter.com\/product\/tw-steel-volante-special-edition-48mm\/"},"modified":"2023-02-19T19:09:05","modified_gmt":"2023-02-19T19:09:05","slug":"tw-steel-volante-special-edition-48mm","status":"publish","type":"product","link":"https:\/\/citedoree.gilbertanddaughter.com\/fr\/product\/tw-steel-volante-special-edition-48mm\/","title":{"rendered":"TW STEEL- VOLANTE \u00c9DITION SP\u00c9CIALE &#8211; 48MM"},"content":{"rendered":"","protected":false},"excerpt":{"rendered":"<ul>\n<li>Mouvement chronographe Ronda 5030.D de fabrication suisse avec mesure de l&rsquo;heure interm\u00e9diaire<\/li>\n<li>Longue dur\u00e9e de vie de la batterie (54 mois)<\/li>\n<li>Bo\u00eetier gris m\u00e9tal canon en PVD bross\u00e9 avec couronne et poussoirs brillants et lunette brillante en PVD noir.<\/li>\n<li>Fabriqu\u00e9 en acier de haute qualit\u00e9 316L<\/li>\n<li>Diam\u00e8tre du bo\u00eetier 48mm<\/li>\n<li>Courroie de course en cuir noir avec surpiq\u00fbres \u00e9paisses de couleur noire<\/li>\n<li>Cadran rouge semi-brillant avec index noirs doublement imprim\u00e9s et accents rouges et jaunes.<\/li>\n<li>Verre saphir antireflet<\/li>\n<li>Couronne viss\u00e9e<\/li>\n<li>Logo Coronel TCR sur le fond du bo\u00eetier<\/li>\n<li>10 ATM<\/li>\n<li>Coronel TCR Edition limit\u00e9e : 150 pi\u00e8ces<\/li>\n<\/ul>\n","protected":false},"featured_media":34462,"template":"","meta":{"_mi_skip_tracking":false,"spay_email":""},"product_cat":[101,112],"product_tag":[],"_links":{"self":[{"href":"https:\/\/citedoree.gilbertanddaughter.com\/fr\/wp-json\/wp\/v2\/product\/34884"}],"collection":[{"href":"https:\/\/citedoree.gilbertanddaughter.com\/fr\/wp-json\/wp\/v2\/product"}],"about":[{"href":"https:\/\/citedoree.gilbertanddaughter.com\/fr\/wp-json\/wp\/v2\/types\/product"}],"wp:featuredmedia":[{"embeddable":true,"href":"https:\/\/citedoree.gilbertanddaughter.com\/fr\/wp-json\/wp\/v2\/media\/34462"}],"wp:attachment":[{"href":"https:\/\/citedoree.gilbertanddaughter.com\/fr\/wp-json\/wp\/v2\/media?parent=34884"}],"wp:term":[{"taxonomy":"product_cat","embeddable":true,"href":"https:\/\/citedoree.gilbertanddaughter.com\/fr\/wp-json\/wp\/v2\/product_cat?post=34884"},{"taxonomy":"product_tag","embeddable":true,"href":"https:\/\/citedoree.gilbertanddaughter.com\/fr\/wp-json\/wp\/v2\/product_tag?post=34884"}],"curies":[{"name":"wp","href":"https:\/\/api.w.org\/{rel}","templated":true}]}}