{"id":34827,"date":"2023-02-05T16:48:51","date_gmt":"2023-02-05T16:48:51","guid":{"rendered":"https:\/\/citedoree.gilbertanddaughter.com\/product\/tw-acier-chrono-sport-46mm\/"},"modified":"2023-02-05T16:48:51","modified_gmt":"2023-02-05T16:48:51","slug":"tw-acier-chrono-sport-46mm","status":"publish","type":"product","link":"https:\/\/citedoree.gilbertanddaughter.com\/fr\/product\/tw-acier-chrono-sport-46mm\/","title":{"rendered":"TW ACIER- CHRONO SPORT- 46MM"},"content":{"rendered":"","protected":false},"excerpt":{"rendered":"<ul>\n<li>Mouvement 6S20 (chrono) de Miyota<\/li>\n<li>Fabriqu\u00e9 en acier de haute qualit\u00e9 316L<\/li>\n<li>Bo\u00eetier en acier avec lunette rev\u00eatue de PVD titane fonc\u00e9<\/li>\n<li>Diam\u00e8tre du bo\u00eetier 46 mm<\/li>\n<li>Cadran blanc argent\u00e9<\/li>\n<li>Verre saphir avec traitement anti-reflets<\/li>\n<li>Bracelet en cuir gris fonc\u00e9 + fermoir en acier<\/li>\n<li>Couronne viss\u00e9e<\/li>\n<li>10 ATM<\/li>\n<\/ul>\n","protected":false},"featured_media":34453,"template":"","meta":{"_mi_skip_tracking":false,"spay_email":""},"product_cat":[101,112],"product_tag":[],"_links":{"self":[{"href":"https:\/\/citedoree.gilbertanddaughter.com\/fr\/wp-json\/wp\/v2\/product\/34827"}],"collection":[{"href":"https:\/\/citedoree.gilbertanddaughter.com\/fr\/wp-json\/wp\/v2\/product"}],"about":[{"href":"https:\/\/citedoree.gilbertanddaughter.com\/fr\/wp-json\/wp\/v2\/types\/product"}],"wp:featuredmedia":[{"embeddable":true,"href":"https:\/\/citedoree.gilbertanddaughter.com\/fr\/wp-json\/wp\/v2\/media\/34453"}],"wp:attachment":[{"href":"https:\/\/citedoree.gilbertanddaughter.com\/fr\/wp-json\/wp\/v2\/media?parent=34827"}],"wp:term":[{"taxonomy":"product_cat","embeddable":true,"href":"https:\/\/citedoree.gilbertanddaughter.com\/fr\/wp-json\/wp\/v2\/product_cat?post=34827"},{"taxonomy":"product_tag","embeddable":true,"href":"https:\/\/citedoree.gilbertanddaughter.com\/fr\/wp-json\/wp\/v2\/product_tag?post=34827"}],"curies":[{"name":"wp","href":"https:\/\/api.w.org\/{rel}","templated":true}]}}