{"id":34814,"date":"2023-02-05T16:48:47","date_gmt":"2023-02-05T16:48:47","guid":{"rendered":"https:\/\/citedoree.gilbertanddaughter.com\/product\/tw-acier-ceo-tech-44mm\/"},"modified":"2023-02-05T16:48:47","modified_gmt":"2023-02-05T16:48:47","slug":"tw-acier-ceo-tech-44mm","status":"publish","type":"product","link":"https:\/\/citedoree.gilbertanddaughter.com\/fr\/product\/tw-acier-ceo-tech-44mm\/","title":{"rendered":"TW ACIER- CEO TECH &#8211; 44MM"},"content":{"rendered":"","protected":false},"excerpt":{"rendered":"<ul>\n<li>Mouvement chronographe Ronda 5030.D de fabrication suisse<\/li>\n<li>Longue dur\u00e9e de vie de la batterie (54 mois)<\/li>\n<li>Bo\u00eetier plaqu\u00e9 or rose PVD, bross\u00e9 avec d\u00e9tails brillants<\/li>\n<li>Fabriqu\u00e9 en acier de haute qualit\u00e9 316L<\/li>\n<li>Diam\u00e8tre du bo\u00eetier 44mm<\/li>\n<li>Lunette rev\u00eatue de PVD noir avec 8 vis en acier<\/li>\n<li>Cadran noir bross\u00e9<\/li>\n<li>Cristal saphir<\/li>\n<li>Yeux chronographes noirs avec anneau en relief de couleur or rose autour des yeux.<\/li>\n<li>Couronne viss\u00e9e<\/li>\n<li>\u00c9tanch\u00e9it\u00e9 \u00e0 10 ATM<\/li>\n<li>Garantie mondiale de 3 ans<\/li>\n<\/ul>\n","protected":false},"featured_media":34440,"template":"","meta":{"_monsterinsights_skip_tracking":false,"_monsterinsights_sitenote_active":false,"_monsterinsights_sitenote_note":"","_monsterinsights_sitenote_category":0,"spay_email":""},"product_cat":[101,112],"product_tag":[],"_links":{"self":[{"href":"https:\/\/citedoree.gilbertanddaughter.com\/fr\/wp-json\/wp\/v2\/product\/34814"}],"collection":[{"href":"https:\/\/citedoree.gilbertanddaughter.com\/fr\/wp-json\/wp\/v2\/product"}],"about":[{"href":"https:\/\/citedoree.gilbertanddaughter.com\/fr\/wp-json\/wp\/v2\/types\/product"}],"wp:featuredmedia":[{"embeddable":true,"href":"https:\/\/citedoree.gilbertanddaughter.com\/fr\/wp-json\/wp\/v2\/media\/34440"}],"wp:attachment":[{"href":"https:\/\/citedoree.gilbertanddaughter.com\/fr\/wp-json\/wp\/v2\/media?parent=34814"}],"wp:term":[{"taxonomy":"product_cat","embeddable":true,"href":"https:\/\/citedoree.gilbertanddaughter.com\/fr\/wp-json\/wp\/v2\/product_cat?post=34814"},{"taxonomy":"product_tag","embeddable":true,"href":"https:\/\/citedoree.gilbertanddaughter.com\/fr\/wp-json\/wp\/v2\/product_tag?post=34814"}],"curies":[{"name":"wp","href":"https:\/\/api.w.org\/{rel}","templated":true}]}}