{"id":35142,"date":"2023-02-05T16:51:51","date_gmt":"2023-02-05T16:51:51","guid":{"rendered":"https:\/\/citedoree.gilbertanddaughter.com\/a-propos-de\/"},"modified":"2023-02-17T13:27:45","modified_gmt":"2023-02-17T13:27:45","slug":"a-propos-de","status":"publish","type":"page","link":"https:\/\/citedoree.gilbertanddaughter.com\/fr\/a-propos-de\/","title":{"rendered":"\u00c0 propos de"},"content":{"rendered":"<p>[vc_row full_width=\u00a0\u00bbstretch_row_content_no_spaces\u00a0\u00bb parallax=\u00a0\u00bbcontent-moving\u00a0\u00bb parallax_image=\u00a0\u00bb1582&Prime; css=\u00a0\u00bb.vc_custom_1590085075928{margin-top: -40px !important;margin-bottom: 50px !important;padding-top: 150px !important;padding-bottom: 150px !important;background-image: url(https:\/\/citedoree.gilbertanddaughter.com\/wp-content\/uploads\/2020\/05\/Building3.jpg?id=1582) !important;}\u00a0\u00bb][vc_column][vc_custom_heading text=\u00a0\u00bb\u00c0 PROPOS DE NOUS\u00a0\u00bb font_container=\u00a0\u00bbtag:h1|font_size:40|text_align:center|color:%23ffffff\u00a0\u00bb use_theme_fonts=\u00a0\u00bbyes\u00a0\u00bb][\/vc_column][\/vc_row][vc_row][vc_column width=\u00a0\u00bb1\/6&Prime;][\/vc_column][vc_column width=\u00a0\u00bb2\/3&Prime;][vc_column_text]<\/p>\n<p style=\"text-align: center;\">\n            <span style=\"font-weight: 400;\">Il y a plus de 37 ans, Pat Ragusa s&rsquo;est embarqu\u00e9 dans un voyage qui a \u00e9t\u00e9 men\u00e9 par sa fascination pour les montres et les bijoux. Sa fascination l&rsquo;a conduit dans certaines des \u00e9coles les plus prestigieuses de Montr\u00e9al o\u00f9 il a approfondi sa formation en bijouterie et en horlogerie. Pat a \u00e9galement \u00e9t\u00e9 form\u00e9 pour personnaliser et r\u00e9parer personnellement des bijoux et des montres. Des ann\u00e9es plus tard, sa s\u0153ur Nina Ragusa a suivi son exemple et a commenc\u00e9 \u00e0 se former dans le domaine de la bijouterie et de l&rsquo;horlogerie. Le duo fraternel a ensuite ouvert l&rsquo;une des bijouteries les plus impressionnantes de la r\u00e9gion de Montr\u00e9al, la Bijouterie Cit\u00e9 Dor\u00e9e.<\/span><\/p>\n<p style=\"text-align: center;\">\n            <span style=\"font-weight: 400;\">La Bijouterie Cit\u00e9 Dor\u00e9e travaille et cr\u00e9e des pi\u00e8ces qui satisfont Montr\u00e9al et sa r\u00e9gion depuis 1987. La Bijouterie Cit\u00e9 Dor\u00e9e ne se contente pas de proposer des lignes de bijoux remarquables telles que des bijoux italiens 18 carats import\u00e9s directement d&rsquo;Italie, elle personnalise \u00e9galement les bijoux et r\u00e9pare les bijoux et les montres sur place. La bijouterie est situ\u00e9e au 9290 Boulevard Lacordaire, l\u00e0 o\u00f9 l&rsquo;accessibilit\u00e9 et l&rsquo;environnement sont les plus pratiques. La Bijouterie Cit\u00e9 Dor\u00e9e offre toujours une garantie de confiance, de qualit\u00e9 et de satisfaction. N&rsquo;h\u00e9sitez pas \u00e0 nous rendre visite, vous m\u00e9ritez qu&rsquo;on s&rsquo;occupe bien de vous !<\/span>[\/vc_column_text][\/vc_column][vc_column width=\u00a0\u00bb1\/6&Prime;][\/vc_column][\/vc_row][vc_row][vc_column]<div class=\"title-wrapper  basel-title-color-default basel-title-style-bordered basel-title-size-default text-center vc_custom_1676640450756\"><span class=\"title-subtitle font-default\">CONTACTEZ-NOUS<\/span><div class=\"liner-continer\"> <span class=\"left-line\"><\/span> <h4 class=\"title\" >CONSULTER UN EXPERT<span class=\"title-separator\"><span><\/span><\/span><\/h4> <span class=\"right-line\"><\/span> <\/div><\/div><div role=\"form\" class=\"wpcf7\" id=\"wpcf7-f350-o1\" lang=\"en-US\" dir=\"ltr\">\n<div class=\"screen-reader-response\"><p role=\"status\" aria-live=\"polite\" aria-atomic=\"true\"><\/p> <ul><\/ul><\/div>\n<form action=\"\/fr\/wp-json\/wp\/v2\/pages\/35142#wpcf7-f350-o1\" method=\"post\" class=\"wpcf7-form init\" novalidate=\"novalidate\" data-status=\"init\">\n<div style=\"display: none;\">\n<input type=\"hidden\" name=\"_wpcf7\" value=\"350\" \/>\n<input type=\"hidden\" name=\"_wpcf7_version\" value=\"5.6\" \/>\n<input type=\"hidden\" name=\"_wpcf7_locale\" value=\"en_US\" \/>\n<input type=\"hidden\" name=\"_wpcf7_unit_tag\" value=\"wpcf7-f350-o1\" \/>\n<input type=\"hidden\" name=\"_wpcf7_container_post\" value=\"0\" \/>\n<input type=\"hidden\" name=\"_wpcf7_posted_data_hash\" value=\"\" \/>\n<input type=\"hidden\" name=\"_wpcf7_recaptcha_response\" value=\"\" \/>\n<\/div>\n<div class=\"row\">\n<div class=\"col-md-4\">\n<p style=\"margin-bottom: 27px;\"><label>Votre nom (obligatoire)<\/label> <span class=\"wpcf7-form-control-wrap\" data-name=\"your-name\"><input type=\"text\" name=\"your-name\" value=\"\" size=\"40\" class=\"wpcf7-form-control wpcf7-text wpcf7-validates-as-required\" aria-required=\"true\" aria-invalid=\"false\" \/><\/span> <\/p>\n<p style=\"margin-bottom: 27px;\"><label>Votre courriel (obligatoire)<\/label> <span class=\"wpcf7-form-control-wrap\" data-name=\"your-email\"><input type=\"email\" name=\"your-email\" value=\"\" size=\"40\" class=\"wpcf7-form-control wpcf7-text wpcf7-email wpcf7-validates-as-required wpcf7-validates-as-email\" aria-required=\"true\" aria-invalid=\"false\" \/><\/span> <\/p>\n<p style=\"margin-bottom: 27px;\"><label>Sujet<\/label> <span class=\"wpcf7-form-control-wrap\" data-name=\"your-subject\"><input type=\"text\" name=\"your-subject\" value=\"\" size=\"40\" class=\"wpcf7-form-control wpcf7-text\" aria-invalid=\"false\" \/><\/span><\/p>\n<\/div>\n<div class=\"col-md-8\">\n<p><label>Votre message<\/label> <span class=\"wpcf7-form-control-wrap\" data-name=\"your-message\"><textarea name=\"your-message\" cols=\"40\" rows=\"10\" class=\"wpcf7-form-control wpcf7-textarea\" aria-invalid=\"false\"><\/textarea><\/span>  <\/p>\n<\/div>\n<\/div>\n<p><input type=\"submit\" value=\"ENVOYER UN MESSAGE\" class=\"wpcf7-form-control has-spinner wpcf7-submit btn btn-color-primary\" \/><\/p>\n<div class=\"wpcf7-response-output\" aria-hidden=\"true\"><\/div><\/form><\/div>[\/vc_column][\/vc_row]<\/p>\n","protected":false},"excerpt":{"rendered":"<p>[vc_row full_width=\u00a0\u00bbstretch_row_content_no_spaces\u00a0\u00bb parallax=\u00a0\u00bbcontent-moving\u00a0\u00bb parallax_image=\u00a0\u00bb1582&Prime; css=\u00a0\u00bb.vc_custom_1590085075928{margin-top: -40px !important;margin-bottom: 50px !important;padding-top: 150px !important;padding-bottom: 150px !important;background-image: url(https:\/\/citedoree.gilbertanddaughter.com\/wp-content\/uploads\/2020\/05\/Building3.jpg?id=1582) !important;}\u00a0\u00bb][vc_column][vc_custom_heading text=\u00a0\u00bb\u00c0 PROPOS DE NOUS\u00a0\u00bb font_container=\u00a0\u00bbtag:h1|font_size:40|text_align:center|color:%23ffffff\u00a0\u00bb<\/p>\n","protected":false},"author":2117,"featured_media":0,"parent":0,"menu_order":0,"comment_status":"closed","ping_status":"closed","template":"","meta":{"_mi_skip_tracking":false,"spay_email":""},"_links":{"self":[{"href":"https:\/\/citedoree.gilbertanddaughter.com\/fr\/wp-json\/wp\/v2\/pages\/35142"}],"collection":[{"href":"https:\/\/citedoree.gilbertanddaughter.com\/fr\/wp-json\/wp\/v2\/pages"}],"about":[{"href":"https:\/\/citedoree.gilbertanddaughter.com\/fr\/wp-json\/wp\/v2\/types\/page"}],"author":[{"embeddable":true,"href":"https:\/\/citedoree.gilbertanddaughter.com\/fr\/wp-json\/wp\/v2\/users\/2117"}],"replies":[{"embeddable":true,"href":"https:\/\/citedoree.gilbertanddaughter.com\/fr\/wp-json\/wp\/v2\/comments?post=35142"}],"version-history":[{"count":6,"href":"https:\/\/citedoree.gilbertanddaughter.com\/fr\/wp-json\/wp\/v2\/pages\/35142\/revisions"}],"predecessor-version":[{"id":36175,"href":"https:\/\/citedoree.gilbertanddaughter.com\/fr\/wp-json\/wp\/v2\/pages\/35142\/revisions\/36175"}],"wp:attachment":[{"href":"https:\/\/citedoree.gilbertanddaughter.com\/fr\/wp-json\/wp\/v2\/media?parent=35142"}],"curies":[{"name":"wp","href":"https:\/\/api.w.org\/{rel}","templated":true}]}}