{"id":35124,"date":"2023-02-05T16:51:48","date_gmt":"2023-02-05T16:51:48","guid":{"rendered":"https:\/\/citedoree.gilbertanddaughter.com\/contact\/"},"modified":"2023-02-17T13:50:19","modified_gmt":"2023-02-17T13:50:19","slug":"contact","status":"publish","type":"page","link":"https:\/\/citedoree.gilbertanddaughter.com\/fr\/contact\/","title":{"rendered":"Contact"},"content":{"rendered":"<p>[vc_row full_width=\u00a0\u00bbstretch_row_content_no_spaces\u00a0\u00bb css=\u00a0\u00bb.vc_custom_1451151029404{margin-top: -40px !important;margin-bottom: 40px !important;}\u00a0\u00bb][vc_column]\n        <div class=\"google-map-container google-map-container-with-content\" data-map-args='{\"latitude\":\"45.597470\",\"longitude\":\"-73.610830\",\"zoom\":\"15\",\"mouse_zoom\":\"no\",\"init_type\":\"page_load\",\"init_offset\":\"100\",\"json_style\":\"[{\\\"featureType\\\":\\\"landscape\\\",\\\"stylers\\\":[{\\\"hue\\\":\\\"#FFBB00\\\"},{\\\"saturation\\\":43.400000000000006},{\\\"lightness\\\":37.599999999999994},{\\\"gamma\\\":1}]},{\\\"featureType\\\":\\\"road.highway\\\",\\\"stylers\\\":[{\\\"hue\\\":\\\"#FFC200\\\"},{\\\"saturation\\\":-61.8},{\\\"lightness\\\":45.599999999999994},{\\\"gamma\\\":1}]},{\\\"featureType\\\":\\\"road.arterial\\\",\\\"stylers\\\":[{\\\"hue\\\":\\\"#FF0300\\\"},{\\\"saturation\\\":-100},{\\\"lightness\\\":51.19999999999999},{\\\"gamma\\\":1}]},{\\\"featureType\\\":\\\"road.local\\\",\\\"stylers\\\":[{\\\"hue\\\":\\\"#FF0300\\\"},{\\\"saturation\\\":-100},{\\\"lightness\\\":52},{\\\"gamma\\\":1}]},{\\\"featureType\\\":\\\"water\\\",\\\"stylers\\\":[{\\\"hue\\\":\\\"#0078FF\\\"},{\\\"saturation\\\":-13.200000000000003},{\\\"lightness\\\":2.4000000000000057},{\\\"gamma\\\":1}]},{\\\"featureType\\\":\\\"poi\\\",\\\"stylers\\\":[{\\\"hue\\\":\\\"#00FF6A\\\"},{\\\"saturation\\\":-1.0989010989011234},{\\\"lightness\\\":11.200000000000017},{\\\"gamma\\\":1}]}]\\n\",\"marker_icon\":\"https:\\\/\\\/citedoree.gilbertanddaughter.com\\\/wp-content\\\/themes\\\/Vitooo\\\/inc\\\/assets\\\/images\\\/google-icon.png\",\"marker_text_needed\":\"no\",\"marker_text\":\"<h3 style=\\\"min-width:300px; text-align:center; margin:15px;\\\"><\\\/h3>\",\"selector\":\"basel-map-id-69f58216bca74\"}'>\n\n\t        \n\t        \n            <div class=\"basel-google-map-wrapper\" >\n                <div id=\"basel-map-id-69f58216bca74\" style=\"height:600px;\" class=\"basel-google-map with-content\"><\/div>\n            <\/div>\n\n\t        \t\t\t\t[vc_row_inner css=\u00a0\u00bb.vc_custom_1440608656064{margin-right: 10% !important;margin-bottom: 0px !important;margin-left: 10% !important;padding-top: 150px !important;}\u00a0\u00bb][vc_column_inner width=\u00a0\u00bb1\/2&Prime; css=\u00a0\u00bb.vc_custom_1440608776919{margin-bottom: 150px !important;}\u00a0\u00bb offset=\u00a0\u00bbvc_col-lg-4 vc_col-md-5 vc_col-xs-12&Prime;][vc_column_text basel_color_scheme=\u00a0\u00bblight\u00a0\u00bb css=\u00a0\u00bb.vc_custom_1589735311505{padding-top: 50px !important;padding-right: 40px !important;padding-bottom: 50px !important;padding-left: 55px !important;background-color: #161616 !important;}\u00a0\u00bb]<\/p>\n<h3 class=\"font-title\">VISITEZ NOTRE MAGASIN<\/h3>\n<p><span class=\"vc_icon_element-icon fa fa-map-marker\" style=\"color: #fff!important; float: left; font-size: 38px; margin: 0 10px 0;\"> <\/span>9290 Boulevard Lacordaire,<br \/>\nMontr\u00e9al, QC H1R 2B7[\/vc_column_text][\/vc_column_inner][vc_column_inner width=\u00a0\u00bb7\/12&Prime;][\/vc_column_inner][\/vc_row_inner]\t                <\/div>\n\n\t\t[\/vc_column][\/vc_row][vc_row full_width=\u00a0\u00bbstretch_row\u00a0\u00bb css=\u00a0\u00bb.vc_custom_1451151413064{margin-bottom: -20px !important;border-bottom-width: 0px !important;border-bottom-color: #f4f4f4 !important;border-bottom-style: solid !important;}\u00a0\u00bb][vc_column width=\u00a0\u00bb1\/2&Prime; css=\u00a0\u00bb.vc_custom_1438787474201{margin-bottom: 50px !important;padding-right: 50px !important;}\u00a0\u00bb]<div class=\"title-wrapper  basel-title-color-default basel-title-style-bordered basel-title-size-default text-left vc_custom_1676641660605\"><div class=\"liner-continer\"> <span class=\"left-line\"><\/span> <h4 class=\"title\" ><strong>CONTACTEZ-NOUS<\/strong><span class=\"title-separator\"><span><\/span><\/span><\/h4> <span class=\"right-line\"><\/span> <\/div><\/div><div role=\"form\" class=\"wpcf7\" id=\"wpcf7-f356-o1\" lang=\"en-US\" dir=\"ltr\">\n<div class=\"screen-reader-response\"><p role=\"status\" aria-live=\"polite\" aria-atomic=\"true\"><\/p> <ul><\/ul><\/div>\n<form action=\"\/fr\/wp-json\/wp\/v2\/pages\/35124#wpcf7-f356-o1\" method=\"post\" class=\"wpcf7-form init\" novalidate=\"novalidate\" data-status=\"init\">\n<div style=\"display: none;\">\n<input type=\"hidden\" name=\"_wpcf7\" value=\"356\" \/>\n<input type=\"hidden\" name=\"_wpcf7_version\" value=\"5.6\" \/>\n<input type=\"hidden\" name=\"_wpcf7_locale\" value=\"en_US\" \/>\n<input type=\"hidden\" name=\"_wpcf7_unit_tag\" value=\"wpcf7-f356-o1\" \/>\n<input type=\"hidden\" name=\"_wpcf7_container_post\" value=\"0\" \/>\n<input type=\"hidden\" name=\"_wpcf7_posted_data_hash\" value=\"\" \/>\n<input type=\"hidden\" name=\"_wpcf7_recaptcha_response\" value=\"\" \/>\n<\/div>\n<div class=\"row\">\n<div class=\"col-md-6\">\n<p><label>Votre nom (obligatoire)<\/label> <span class=\"wpcf7-form-control-wrap\" data-name=\"your-name\"><input type=\"text\" name=\"your-name\" value=\"\" size=\"40\" class=\"wpcf7-form-control wpcf7-text wpcf7-validates-as-required\" aria-required=\"true\" aria-invalid=\"false\" \/><\/span> <\/p>\n<\/div>\n<div class=\"col-md-6\">\n<p><label>Votre courriel (obligatoire)<\/label> <span class=\"wpcf7-form-control-wrap\" data-name=\"your-email\"><input type=\"email\" name=\"your-email\" value=\"\" size=\"40\" class=\"wpcf7-form-control wpcf7-text wpcf7-email wpcf7-validates-as-required wpcf7-validates-as-email\" aria-required=\"true\" aria-invalid=\"false\" \/><\/span> <\/p>\n<\/div>\n<\/div>\n<p><label>Sujet<\/label><span class=\"wpcf7-form-control-wrap\" data-name=\"your-subject\"><input type=\"text\" name=\"your-subject\" value=\"\" size=\"40\" class=\"wpcf7-form-control wpcf7-text\" aria-invalid=\"false\" \/><\/span> <\/p>\n<p><label>Votre message<\/label> <span class=\"wpcf7-form-control-wrap\" data-name=\"your-message\"><textarea name=\"your-message\" cols=\"40\" rows=\"10\" class=\"wpcf7-form-control wpcf7-textarea\" aria-invalid=\"false\"><\/textarea><\/span> <\/p>\n<p><input type=\"submit\" value=\"ENVOYER UN MESSAGE\" class=\"wpcf7-form-control has-spinner wpcf7-submit btn btn-color-primary\" \/><\/p>\n<div class=\"wpcf7-response-output\" aria-hidden=\"true\"><\/div><\/form><\/div>[\/vc_column][vc_column width=\u00a0\u00bb1\/2&Prime; css=\u00a0\u00bb.vc_custom_1438787483391{margin-bottom: 50px !important;padding-right: 100px !important;}\u00a0\u00bb]<div class=\"title-wrapper  basel-title-color-default basel-title-style-bordered basel-title-size-default text-left vc_custom_1676641688419\"><div class=\"liner-continer\"> <span class=\"left-line\"><\/span> <h4 class=\"title\" ><strong>Visitez-nous<\/strong><span class=\"title-separator\"><span><\/span><\/span><\/h4> <span class=\"right-line\"><\/span> <\/div><\/div>[vc_column_text css=\u00a0\u00bb.vc_custom_1590098502238{margin-bottom: 40px !important;}\u00a0\u00bb]<\/p>\n<div class=\" two-thirds\">\n<div class=\"g-cols wpb_row offset_small vc_inner \">\n<div class=\" one-half\">\n<div class=\"wpb_text_column \">\n<div class=\"wpb_wrapper\">\n<p>Venez \u00e0 notre magasin de Montr\u00e9al et voyez nos bijoux personnalis\u00e9s. Profitez de notre accueil chaleureux et du travail d&rsquo;\u00e9quipe efficace de notre service apr\u00e8s-vente. Venez et laissez-nous vous offrir un bijou unique et \u00e0 votre image.<\/p><\/div>\n<\/div>\n<h5>\n                  <strong>Heures d&rsquo;ouverture :<br \/>\n<\/strong><\/h5>\n<\/div>\n<\/div>\n<\/div>\n<p>[\/vc_column_text][vc_column_text css=\u00a0\u00bb.vc_custom_1676641811769{margin-top: -40px !important;margin-bottom: 200px !important;}\u00a0\u00bb]<\/p>\n<table class=\" alignleft\" style=\"margin-left: auto; margin-right: auto;\">\n<tbody>\n<tr>\n<td><strong>Lundi<\/strong><\/td>\n<td><strong>Mardi<\/strong><\/td>\n<td><strong>Mercredi<\/strong><\/td>\n<td><strong>Jeudi<\/strong><\/td>\n<td><strong>Vendredi<\/strong><\/td>\n<td><strong>Samdi<\/strong><\/td>\n<td><strong>Dimanche<\/strong><\/td>\n<\/tr>\n<tr>\n<td>Ferm\u00e9<\/td>\n<td>10h<br \/>\n18h<\/td>\n<td>10h<br \/>\n18h<\/td>\n<td>10h<br \/>\n18h<\/td>\n<td>10h<br \/>\n18h<\/td>\n<td>10h<br \/>\n17h<\/td>\n<td>Ferm\u00e9<\/td>\n<\/tr>\n<\/tbody>\n<\/table>\n<p>[\/vc_column_text]<div class=\"title-wrapper  basel-title-color-default basel-title-style-bordered basel-title-size-default text-left vc_custom_1676641773180\"><div class=\"liner-continer\"> <span class=\"left-line\"><\/span> <h4 class=\"title\" ><strong>CONTACTEZ-NOUS<\/strong><span class=\"title-separator\"><span><\/span><\/span><\/h4> <span class=\"right-line\"><\/span> <\/div><\/div>[vc_column_text css=\u00a0\u00bb.vc_custom_1589748295062{margin-bottom: 40px !important;}\u00a0\u00bb]<\/p>\n<div class=\" two-thirds\">\n<div class=\"g-cols wpb_row offset_small vc_inner \">\n<div class=\" one-half\">\n<div class=\"wpb_text_column \">\n<div class=\"wpb_wrapper\">\n<p><i class=\"fa fa-phone\"><\/i>  514.324.2561<br \/>\n<i class=\"fa fa-envelope\"><\/i>  info@citedoree.com<br \/>\n<i class=\"fa fa-map-marker\"><\/i>  9290, boulevard Lacordaire, Montr\u00e9al, QC H1R 2B7<\/div>\n<\/div>\n<\/div>\n<\/div>\n<\/div>\n<p>[\/vc_column_text]\n\t\t\t<ul class=\"social-icons text-left icons-design-default icons-size-default social-share \">\n\t\t\t\t\t\t\t\t\t<li class=\"social-facebook\"><a rel=\"noopener noreferrer nofollow\" href=\"https:\/\/www.facebook.com\/sharer\/sharer.php?u=https:\/\/citedoree.gilbertanddaughter.com\/fr\/contact\/\" target=\"_blank\" class=\"\"><i class=\"fa fa-facebook\"><\/i><span class=\"basel-social-icon-name\">Facebook<\/span><\/a><\/li>\n\t\t\t\t\n\t\t\t\t\t\t\t\t\t<li class=\"social-twitter\"><a rel=\"noopener noreferrer nofollow\" href=\"https:\/\/twitter.com\/share?url=https:\/\/citedoree.gilbertanddaughter.com\/fr\/contact\/\" target=\"_blank\" class=\"\"><i class=\"fa fa-twitter\"><\/i><span class=\"basel-social-icon-name\">Twitter<\/span><\/a><\/li>\n\t\t\t\t\n\t\t\t\t\n\t\t\t\t\n\t\t\t\t\n\t\t\t\t\t\t\t\t\t<li class=\"social-pinterest\"><a rel=\"noopener noreferrer nofollow\" href=\"https:\/\/pinterest.com\/pin\/create\/button\/?url=https:\/\/citedoree.gilbertanddaughter.com\/fr\/contact\/&media=https:\/\/citedoree.gilbertanddaughter.com\/wp-includes\/images\/media\/default.png\" target=\"_blank\" class=\"\"><i class=\"fa fa-pinterest\"><\/i><span class=\"basel-social-icon-name\">Pinterest<\/span><\/a><\/li>\n\t\t\t\t\n\t\t\t\t\n\t\t\t\t\t\t\t\t\t<li class=\"social-linkedin\"><a rel=\"noopener noreferrer nofollow\" href=\"https:\/\/www.linkedin.com\/shareArticle?mini=true&url=https:\/\/citedoree.gilbertanddaughter.com\/fr\/contact\/\" target=\"_blank\" class=\"\"><i class=\"fa fa-linkedin\"><\/i><span class=\"basel-social-icon-name\">LinkedIn<\/span><\/a><\/li>\n\t\t\t\t\n\t\t\t\t\n\t\t\t\t\n\t\t\t\t\n\t\t\t\t\n\t\t\t\t\n\t\t\t\t\n\t\t\t\t\n\t\t\t\t\n\t\t\t\t\t\t\t\t\n\t\t\t\t\n\t\t\t\t\n\t\t\t\t\t\t\t\t\t<li class=\"social-tg\"><a rel=\"noopener noreferrer nofollow\" href=\"https:\/\/telegram.me\/share\/url?url=https:\/\/citedoree.gilbertanddaughter.com\/fr\/contact\/\" target=\"_blank\" class=\"\"><i class=\"fa fa-telegram\"><\/i><span class=\"basel-social-icon-name\">T\u00e9l\u00e9gramme<\/span><\/a><\/li>\n\t\t\t\t\n\t\t\t<\/ul>\n\n\t\t[\/vc_column][\/vc_row]<\/p>\n","protected":false},"excerpt":{"rendered":"<p>[vc_row full_width=\u00a0\u00bbstretch_row_content_no_spaces\u00a0\u00bb css=\u00a0\u00bb.vc_custom_1451151029404{margin-top: -40px !important;margin-bottom: 40px !important;}\u00a0\u00bb][vc_column][\/vc_column][\/vc_row][vc_row full_width=\u00a0\u00bbstretch_row\u00a0\u00bb css=\u00a0\u00bb.vc_custom_1451151413064{margin-bottom: -20px !important;border-bottom-width: 0px !important;border-bottom-color: #f4f4f4 !important;border-bottom-style: solid !important;}\u00a0\u00bb][vc_column width=\u00a0\u00bb1\/2&Prime; css=\u00a0\u00bb.vc_custom_1438787474201{margin-bottom: 50px<\/p>\n","protected":false},"author":2117,"featured_media":0,"parent":0,"menu_order":0,"comment_status":"closed","ping_status":"closed","template":"","meta":{"_mi_skip_tracking":false,"spay_email":""},"_links":{"self":[{"href":"https:\/\/citedoree.gilbertanddaughter.com\/fr\/wp-json\/wp\/v2\/pages\/35124"}],"collection":[{"href":"https:\/\/citedoree.gilbertanddaughter.com\/fr\/wp-json\/wp\/v2\/pages"}],"about":[{"href":"https:\/\/citedoree.gilbertanddaughter.com\/fr\/wp-json\/wp\/v2\/types\/page"}],"author":[{"embeddable":true,"href":"https:\/\/citedoree.gilbertanddaughter.com\/fr\/wp-json\/wp\/v2\/users\/2117"}],"replies":[{"embeddable":true,"href":"https:\/\/citedoree.gilbertanddaughter.com\/fr\/wp-json\/wp\/v2\/comments?post=35124"}],"version-history":[{"count":21,"href":"https:\/\/citedoree.gilbertanddaughter.com\/fr\/wp-json\/wp\/v2\/pages\/35124\/revisions"}],"predecessor-version":[{"id":36176,"href":"https:\/\/citedoree.gilbertanddaughter.com\/fr\/wp-json\/wp\/v2\/pages\/35124\/revisions\/36176"}],"wp:attachment":[{"href":"https:\/\/citedoree.gilbertanddaughter.com\/fr\/wp-json\/wp\/v2\/media?parent=35124"}],"curies":[{"name":"wp","href":"https:\/\/api.w.org\/{rel}","templated":true}]}}